{"id":6515,"date":"2020-05-15T11:00:01","date_gmt":"2020-05-15T10:00:01","guid":{"rendered":"https:\/\/pere.fuertix.com\/?page_id=6515"},"modified":"2023-05-19T14:06:57","modified_gmt":"2023-05-19T13:06:57","slug":"rehabilitacion-edificios","status":"publish","type":"page","link":"https:\/\/perecalvo.com\/es\/servicios\/rehabilitacion-edificios\/","title":{"rendered":"Rehabilitaci\u00f3n de edificios"},"content":{"rendered":"\t\t<div data-elementor-type=\"wp-page\" data-elementor-id=\"6515\" class=\"elementor elementor-6515 elementor-2539\" data-elementor-post-type=\"page\">\n\t\t\t\t\t\t<section class=\"elementor-section elementor-top-section elementor-element elementor-element-4680d83 elementor-section-boxed elementor-section-height-default elementor-section-height-default\" data-id=\"4680d83\" data-element_type=\"section\">\n\t\t\t\t\t\t<div class=\"elementor-container elementor-column-gap-extended\">\n\t\t\t\t\t<div class=\"elementor-column elementor-col-100 elementor-top-column elementor-element elementor-element-ce47c48 ot-flex-column-vertical\" data-id=\"ce47c48\" data-element_type=\"column\">\n\t\t\t<div class=\"elementor-widget-wrap elementor-element-populated\">\n\t\t\t\t\t\t<div class=\"elementor-element elementor-element-9c19471 elementor-widget elementor-widget-iheading\" data-id=\"9c19471\" data-element_type=\"widget\" data-widget_type=\"iheading.default\">\n\t\t\t\t<div class=\"elementor-widget-container\">\n\t\t\t\t\t<div class=\"ot-heading \">\r\n\t        \t            <span>[ QU\u00c9 OFRECEMOS ]<\/span>\r\n\t        \t        <h2 class=\"main-heading\">Rehabilitaci\u00f3n de edificios<\/h2>\r\n\t        \t    <\/div>\r\n\t    \t\t<\/div>\n\t\t\t\t<\/div>\n\t\t\t\t<div class=\"elementor-element elementor-element-6e38ca7 elementor-widget elementor-widget-text-editor\" data-id=\"6e38ca7\" data-element_type=\"widget\" data-widget_type=\"text-editor.default\">\n\t\t\t\t<div class=\"elementor-widget-container\">\n\t\t\t\t\t\t\t<p>En nuestro servicio de rehabilitaci\u00f3n de edificios, nos enfocamos en<strong> restaurar y mejorar estructuras existentes<\/strong> para que se adapten a las necesidades actuales de sus propietarios y usuarios.\u00a0<\/p>\t\t\t\t\t\t<\/div>\n\t\t\t\t<\/div>\n\t\t\t\t<div class=\"elementor-element elementor-element-7e04fd1 elementor-widget elementor-widget-theratio-image-carousel\" data-id=\"7e04fd1\" data-element_type=\"widget\" data-widget_type=\"theratio-image-carousel.default\">\n\t\t\t\t<div class=\"elementor-widget-container\">\n\t\t\t\r\n\t\t<div class=\"image-carousel swiper-container\" data-slider_options=\"{&quot;slides_show_desktop&quot;:2,&quot;slides_show_tablet&quot;:2,&quot;slides_show_mobile&quot;:2,&quot;slides_scroll_desktop&quot;:1,&quot;slides_scroll_tablet&quot;:1,&quot;slides_scroll_mobile&quot;:1,&quot;margin_desktop&quot;:30,&quot;margin_tablet&quot;:30,&quot;margin_mobile&quot;:30,&quot;arrows&quot;:true,&quot;dots&quot;:false}\"  >\t\t\t\r\n\t\t\t<div class=\"swiper-wrapper\">\r\n\t\t        <div class=\"swiper-slide\"><div class=\"img-item\"><figure><img decoding=\"async\" data-src=\"https:\/\/perecalvo.com\/wp-content\/uploads\/2023\/03\/120721MerceGostPhoto5402.jpg\" alt=\"\" src=\"data:image\/gif;base64,R0lGODlhAQABAAAAACH5BAEKAAEALAAAAAABAAEAAAICTAEAOw==\" class=\"lazyload\" style=\"--smush-placeholder-width: 1024px; --smush-placeholder-aspect-ratio: 1024\/1536;\"><\/figure><\/div><\/div><div class=\"swiper-slide\"><div class=\"img-item\"><figure><img decoding=\"async\" data-src=\"https:\/\/perecalvo.com\/wp-content\/uploads\/2023\/03\/120721MerceGostPhoto5374p.jpg\" alt=\"\" src=\"data:image\/gif;base64,R0lGODlhAQABAAAAACH5BAEKAAEALAAAAAABAAEAAAICTAEAOw==\" class=\"lazyload\" style=\"--smush-placeholder-width: 1024px; --smush-placeholder-aspect-ratio: 1024\/1536;\"><\/figure><\/div><\/div>\t\t    <\/div>\r\n\r\n\t\t\t\t\t\t\t\t\t<!-- Add Arrows -->\r\n\t\t\t<div class=\"octf-swiper-button-next\"><i class=\"ot-flaticon-right-arrow\"><\/i><\/div>\r\n\t\t\t<div class=\"octf-swiper-button-prev\"><i class=\"ot-flaticon-left-arrow\"><\/i><\/div>\r\n\t\t\t\t    <\/div>\r\n\t\t\t\t<\/div>\n\t\t\t\t<\/div>\n\t\t\t\t<div class=\"elementor-element elementor-element-9dba111 elementor-widget elementor-widget-text-editor\" data-id=\"9dba111\" data-element_type=\"widget\" data-widget_type=\"text-editor.default\">\n\t\t\t\t<div class=\"elementor-widget-container\">\n\t\t\t\t\t\t\t<p><span style=\"color: var( --e-global-color-text ); font-weight: var( --e-global-typography-text-font-weight );\">Ya sea que necesites <\/span><strong style=\"color: var( --e-global-color-text );\">actualizar la fachada<\/strong><span style=\"color: var( --e-global-color-text ); font-weight: var( --e-global-typography-text-font-weight );\">, <\/span><strong style=\"color: var( --e-global-color-text );\">renovar el interior<\/strong><span style=\"color: var( --e-global-color-text ); font-weight: var( --e-global-typography-text-font-weight );\">, <\/span><strong style=\"color: var( --e-global-color-text );\">mejorar la accesibilidad<\/strong><span style=\"color: var( --e-global-color-text ); font-weight: var( --e-global-typography-text-font-weight );\"> o llevar a cabo una <\/span><strong style=\"color: var( --e-global-color-text );\">renovaci\u00f3n completa<\/strong><span style=\"color: var( --e-global-color-text ); font-weight: var( --e-global-typography-text-font-weight );\">, nuestro enfoque centrado en el cliente y en la calidad garantizar\u00e1 que el resultado final cumpla con tus expectativas y necesidades.<\/span><\/p><p><b><a style=\"background-color: #ffffff;\" href=\"https:\/\/perecalvo.com\/es\/contacto\/\" target=\"_blank\" rel=\"noopener\">Contacta<\/a>\u00a0<\/b>con nosotros para explorar c\u00f3mo podemos ayudarte a llevar a cabo la rehabilitaci\u00f3n de tu edificio.<\/p>\t\t\t\t\t\t<\/div>\n\t\t\t\t<\/div>\n\t\t\t\t<div class=\"elementor-element elementor-element-e3c7060 elementor-widget elementor-widget-image\" data-id=\"e3c7060\" data-element_type=\"widget\" data-widget_type=\"image.default\">\n\t\t\t\t<div class=\"elementor-widget-container\">\n\t\t\t\t\t\t\t\t\t\t\t\t\t<img fetchpriority=\"high\" decoding=\"async\" width=\"1024\" height=\"683\" src=\"https:\/\/perecalvo.com\/wp-content\/uploads\/2023\/03\/120721MerceGostPhoto5336.jpg\" class=\"attachment-full size-full wp-image-5393\" alt=\"\" srcset=\"https:\/\/perecalvo.com\/wp-content\/uploads\/2023\/03\/120721MerceGostPhoto5336.jpg 1024w, https:\/\/perecalvo.com\/wp-content\/uploads\/2023\/03\/120721MerceGostPhoto5336-300x200.jpg 300w, https:\/\/perecalvo.com\/wp-content\/uploads\/2023\/03\/120721MerceGostPhoto5336-768x512.jpg 768w\" sizes=\"(max-width: 1024px) 100vw, 1024px\" \/>\t\t\t\t\t\t\t\t\t\t\t\t\t<\/div>\n\t\t\t\t<\/div>\n\t\t\t\t\t<\/div>\n\t\t<\/div>\n\t\t\t\t\t<\/div>\n\t\t<\/section>\n\t\t\t\t<\/div>\n\t\t","protected":false},"excerpt":{"rendered":"<p>[ QU\u00c9 OFRECEMOS ] Rehabilitaci\u00f3n de edificios En nuestro servicio de rehabilitaci\u00f3n de edificios, nos enfocamos en restaurar y mejorar estructuras existentes para que se adapten a las necesidades actuales de sus propietarios y usuarios.&nbsp; Ya sea que necesites actualizar la fachada, renovar el interior, mejorar la accesibilidad o llevar a cabo una renovaci\u00f3n completa, [&hellip;]<\/p>\n","protected":false},"author":2,"featured_media":0,"parent":6288,"menu_order":0,"comment_status":"closed","ping_status":"closed","template":"","meta":{"footnotes":""},"class_list":["post-6515","page","type-page","status-publish","hentry"],"_links":{"self":[{"href":"https:\/\/perecalvo.com\/es\/wp-json\/wp\/v2\/pages\/6515","targetHints":{"allow":["GET"]}}],"collection":[{"href":"https:\/\/perecalvo.com\/es\/wp-json\/wp\/v2\/pages"}],"about":[{"href":"https:\/\/perecalvo.com\/es\/wp-json\/wp\/v2\/types\/page"}],"author":[{"embeddable":true,"href":"https:\/\/perecalvo.com\/es\/wp-json\/wp\/v2\/users\/2"}],"replies":[{"embeddable":true,"href":"https:\/\/perecalvo.com\/es\/wp-json\/wp\/v2\/comments?post=6515"}],"version-history":[{"count":0,"href":"https:\/\/perecalvo.com\/es\/wp-json\/wp\/v2\/pages\/6515\/revisions"}],"up":[{"embeddable":true,"href":"https:\/\/perecalvo.com\/es\/wp-json\/wp\/v2\/pages\/6288"}],"wp:attachment":[{"href":"https:\/\/perecalvo.com\/es\/wp-json\/wp\/v2\/media?parent=6515"}],"curies":[{"name":"wp","href":"https:\/\/api.w.org\/{rel}","templated":true}]}}